{"id":3167,"date":"2023-06-15T18:37:28","date_gmt":"2023-06-15T18:37:28","guid":{"rendered":"https:\/\/centroevaluacionjesydor.cl\/?page_id=3167"},"modified":"2023-09-07T17:17:07","modified_gmt":"2023-09-07T17:17:07","slug":"noticias","status":"publish","type":"page","link":"https:\/\/centroevaluacionjesydor.cl\/index.php\/noticias\/","title":{"rendered":"Noticias"},"content":{"rendered":"\t\t<div data-elementor-type=\"wp-page\" data-elementor-id=\"3167\" class=\"elementor elementor-3167\" data-elementor-post-type=\"page\">\n\t\t\t\t\t\t<section class=\"elementor-section elementor-top-section elementor-element elementor-element-c3bf246 elementor-section-boxed elementor-section-height-default elementor-section-height-default\" data-id=\"c3bf246\" data-element_type=\"section\" data-e-type=\"section\" data-settings=\"{&quot;jet_parallax_layout_list&quot;:[]}\">\n\t\t\t\t\t\t<div class=\"elementor-container elementor-column-gap-default\">\n\t\t\t\t\t<div class=\"elementor-column elementor-col-100 elementor-top-column elementor-element elementor-element-6ca892f\" data-id=\"6ca892f\" data-element_type=\"column\" data-e-type=\"column\">\n\t\t\t<div class=\"elementor-widget-wrap elementor-element-populated\">\n\t\t\t\t\t\t<div class=\"elementor-element elementor-element-07b7070 elementor-grid-2 elementor-grid-tablet-2 elementor-grid-mobile-1 elementor-posts--thumbnail-top elementor-widget elementor-widget-posts\" data-id=\"07b7070\" data-element_type=\"widget\" data-e-type=\"widget\" data-settings=\"{&quot;classic_columns&quot;:&quot;2&quot;,&quot;classic_columns_tablet&quot;:&quot;2&quot;,&quot;classic_columns_mobile&quot;:&quot;1&quot;,&quot;classic_row_gap&quot;:{&quot;unit&quot;:&quot;px&quot;,&quot;size&quot;:35,&quot;sizes&quot;:[]},&quot;classic_row_gap_tablet&quot;:{&quot;unit&quot;:&quot;px&quot;,&quot;size&quot;:&quot;&quot;,&quot;sizes&quot;:[]},&quot;classic_row_gap_mobile&quot;:{&quot;unit&quot;:&quot;px&quot;,&quot;size&quot;:&quot;&quot;,&quot;sizes&quot;:[]}}\" data-widget_type=\"posts.classic\">\n\t\t\t\t<div class=\"elementor-widget-container\">\n\t\t\t\t\t\t\t<div class=\"elementor-posts-container elementor-posts elementor-posts--skin-classic elementor-grid\" role=\"list\">\n\t\t\t\t<article class=\"elementor-post elementor-grid-item post-3217 post type-post status-publish format-standard has-post-thumbnail hentry category-noticias\" role=\"listitem\">\n\t\t\t\t<a class=\"elementor-post__thumbnail__link\" href=\"https:\/\/centroevaluacionjesydor.cl\/index.php\/2023\/06\/16\/sence-apoya-la-reinsercion-laboral-con-cursos\/\" tabindex=\"-1\" >\n\t\t\t<div class=\"elementor-post__thumbnail\"><img fetchpriority=\"high\" decoding=\"async\" width=\"800\" height=\"500\" src=\"https:\/\/centroevaluacionjesydor.cl\/wp-content\/uploads\/2023\/06\/NOTI_02-1024x640.jpg\" class=\"attachment-large size-large wp-image-3219\" alt=\"\" srcset=\"https:\/\/centroevaluacionjesydor.cl\/wp-content\/uploads\/2023\/06\/NOTI_02-1024x640.jpg 1024w, https:\/\/centroevaluacionjesydor.cl\/wp-content\/uploads\/2023\/06\/NOTI_02-300x188.jpg 300w, https:\/\/centroevaluacionjesydor.cl\/wp-content\/uploads\/2023\/06\/NOTI_02-768x480.jpg 768w, https:\/\/centroevaluacionjesydor.cl\/wp-content\/uploads\/2023\/06\/NOTI_02-1536x960.jpg 1536w, https:\/\/centroevaluacionjesydor.cl\/wp-content\/uploads\/2023\/06\/NOTI_02-500x313.jpg 500w, https:\/\/centroevaluacionjesydor.cl\/wp-content\/uploads\/2023\/06\/NOTI_02-600x375.jpg 600w, https:\/\/centroevaluacionjesydor.cl\/wp-content\/uploads\/2023\/06\/NOTI_02.jpg 1600w\" sizes=\"(max-width: 800px) 100vw, 800px\" \/><\/div>\n\t\t<\/a>\n\t\t\t\t<div class=\"elementor-post__text\">\n\t\t\t\t<h3 class=\"elementor-post__title\">\n\t\t\t<a href=\"https:\/\/centroevaluacionjesydor.cl\/index.php\/2023\/06\/16\/sence-apoya-la-reinsercion-laboral-con-cursos\/\" >\n\t\t\t\tSence apoya la reinserci\u00f3n laboral con cursos\t\t\t<\/a>\n\t\t<\/h3>\n\t\t\t\t<div class=\"elementor-post__excerpt\">\n\t\t\t<p>Mejorar la empleabilidad, potenciar el crecimiento y la reinserci\u00f3n laboral.\u00a0Ese es el objetivo del Programa Reinv\u00e9ntate, implementado por Sence en 2019, y que esta semana<\/p>\n\t\t<\/div>\n\t\t\n\t\t<a class=\"elementor-post__read-more\" href=\"https:\/\/centroevaluacionjesydor.cl\/index.php\/2023\/06\/16\/sence-apoya-la-reinsercion-laboral-con-cursos\/\" aria-label=\"M\u00e1s informaci\u00f3n sobre Sence apoya la reinserci\u00f3n laboral con cursos\" tabindex=\"-1\" >\n\t\t\tLeer m\u00e1s \u00bb\t\t<\/a>\n\n\t\t\t\t<\/div>\n\t\t\t\t<\/article>\n\t\t\t\t<article class=\"elementor-post elementor-grid-item post-3206 post type-post status-publish format-standard has-post-thumbnail hentry category-noticias\" role=\"listitem\">\n\t\t\t\t<a class=\"elementor-post__thumbnail__link\" href=\"https:\/\/centroevaluacionjesydor.cl\/index.php\/2023\/06\/16\/sence-abre-mas-de-4-000-cupos-de-capacitacion\/\" tabindex=\"-1\" >\n\t\t\t<div class=\"elementor-post__thumbnail\"><img decoding=\"async\" width=\"800\" height=\"500\" src=\"https:\/\/centroevaluacionjesydor.cl\/wp-content\/uploads\/2023\/06\/NOTI_01-1-1024x640.jpg\" class=\"attachment-large size-large wp-image-3215\" alt=\"\" srcset=\"https:\/\/centroevaluacionjesydor.cl\/wp-content\/uploads\/2023\/06\/NOTI_01-1-1024x640.jpg 1024w, https:\/\/centroevaluacionjesydor.cl\/wp-content\/uploads\/2023\/06\/NOTI_01-1-300x188.jpg 300w, https:\/\/centroevaluacionjesydor.cl\/wp-content\/uploads\/2023\/06\/NOTI_01-1-768x480.jpg 768w, https:\/\/centroevaluacionjesydor.cl\/wp-content\/uploads\/2023\/06\/NOTI_01-1-1536x960.jpg 1536w, https:\/\/centroevaluacionjesydor.cl\/wp-content\/uploads\/2023\/06\/NOTI_01-1-500x313.jpg 500w, https:\/\/centroevaluacionjesydor.cl\/wp-content\/uploads\/2023\/06\/NOTI_01-1-600x375.jpg 600w, https:\/\/centroevaluacionjesydor.cl\/wp-content\/uploads\/2023\/06\/NOTI_01-1.jpg 1600w\" sizes=\"(max-width: 800px) 100vw, 800px\" \/><\/div>\n\t\t<\/a>\n\t\t\t\t<div class=\"elementor-post__text\">\n\t\t\t\t<h3 class=\"elementor-post__title\">\n\t\t\t<a href=\"https:\/\/centroevaluacionjesydor.cl\/index.php\/2023\/06\/16\/sence-abre-mas-de-4-000-cupos-de-capacitacion\/\" >\n\t\t\t\tSence abre m\u00e1s de 4.000 cupos de capacitaci\u00f3n\t\t\t<\/a>\n\t\t<\/h3>\n\t\t\t\t<div class=\"elementor-post__excerpt\">\n\t\t\t<p>La iniciativa p\u00fablico-privada responde a un trabajo colaborativo entre los ministerios del Trabajo y Previsi\u00f3n Social, y Vivienda y Urbanismo, junto a la C\u00e1mara Chilena<\/p>\n\t\t<\/div>\n\t\t\n\t\t<a class=\"elementor-post__read-more\" href=\"https:\/\/centroevaluacionjesydor.cl\/index.php\/2023\/06\/16\/sence-abre-mas-de-4-000-cupos-de-capacitacion\/\" aria-label=\"M\u00e1s informaci\u00f3n sobre Sence abre m\u00e1s de 4.000 cupos de capacitaci\u00f3n\" tabindex=\"-1\" >\n\t\t\tLeer m\u00e1s \u00bb\t\t<\/a>\n\n\t\t\t\t<\/div>\n\t\t\t\t<\/article>\n\t\t\t\t<\/div>\n\t\t\n\t\t\t\t\t\t<\/div>\n\t\t\t\t<\/div>\n\t\t\t\t\t<\/div>\n\t\t<\/div>\n\t\t\t\t\t<\/div>\n\t\t<\/section>\n\t\t\t\t<\/div>\n\t\t","protected":false},"excerpt":{"rendered":"","protected":false},"author":2,"featured_media":4178,"parent":0,"menu_order":0,"comment_status":"closed","ping_status":"closed","template":"","meta":{"footnotes":""},"class_list":["post-3167","page","type-page","status-publish","has-post-thumbnail","hentry"],"_links":{"self":[{"href":"https:\/\/centroevaluacionjesydor.cl\/index.php\/wp-json\/wp\/v2\/pages\/3167","targetHints":{"allow":["GET"]}}],"collection":[{"href":"https:\/\/centroevaluacionjesydor.cl\/index.php\/wp-json\/wp\/v2\/pages"}],"about":[{"href":"https:\/\/centroevaluacionjesydor.cl\/index.php\/wp-json\/wp\/v2\/types\/page"}],"author":[{"embeddable":true,"href":"https:\/\/centroevaluacionjesydor.cl\/index.php\/wp-json\/wp\/v2\/users\/2"}],"replies":[{"embeddable":true,"href":"https:\/\/centroevaluacionjesydor.cl\/index.php\/wp-json\/wp\/v2\/comments?post=3167"}],"version-history":[{"count":10,"href":"https:\/\/centroevaluacionjesydor.cl\/index.php\/wp-json\/wp\/v2\/pages\/3167\/revisions"}],"predecessor-version":[{"id":3231,"href":"https:\/\/centroevaluacionjesydor.cl\/index.php\/wp-json\/wp\/v2\/pages\/3167\/revisions\/3231"}],"wp:featuredmedia":[{"embeddable":true,"href":"https:\/\/centroevaluacionjesydor.cl\/index.php\/wp-json\/wp\/v2\/media\/4178"}],"wp:attachment":[{"href":"https:\/\/centroevaluacionjesydor.cl\/index.php\/wp-json\/wp\/v2\/media?parent=3167"}],"curies":[{"name":"wp","href":"https:\/\/api.w.org\/{rel}","templated":true}]}}