{"id":3722,"date":"2023-07-10T21:10:53","date_gmt":"2023-07-10T21:10:53","guid":{"rendered":"https:\/\/centroevaluacionjesydor.cl\/?post_type=product&#038;p=3722"},"modified":"2023-09-04T17:28:58","modified_gmt":"2023-09-04T17:28:58","slug":"soldadora","status":"publish","type":"product","link":"https:\/\/centroevaluacionjesydor.cl\/index.php\/producto\/soldadora\/","title":{"rendered":"Soldador(a)"},"content":{"rendered":"<p><strong>Unidades de Competencias a Evaluar \u2013 UCLs:<\/strong><\/p>\n<ul>\n<li>Realizar soldadura de estructuras met\u00e1licas con oxigas cumpliendo la orden de trabajo y los requerimientos de seguridad e higiene en el trabajo, de calidad y cuidado del medio-ambiente<\/li>\n<li>Realizar soldadura de estructuras met\u00e1licas con arco voltaico cumpliendo la orden de trabajo y los requerimientos de seguridad e higiene en el trabajo, de calidad y cuidado del medio-ambiente<\/li>\n<li>Realizar soldadura de estructuras met\u00e1licas con tig cumpliendo la orden de trabajo y los requerimientos de seguridad e higiene en el trabajo, de calidad y cuidado del medio-ambiente<\/li>\n<li>Realizar soldadura de estructuras met\u00e1licas con mig cumpliendo la orden de trabajo y los requerimientos de seguridad e higiene en el trabajo, de calidad y cuidado del medio-ambiente<\/li>\n<li>Realizar soldadura de estructuras met\u00e1licas con mag cumpliendo la orden de trabajo y los requerimientos de seguridad e higiene en el trabajo, de calidad y cuidado del medio-ambiente<\/li>\n<li>Registrar datos de procedimientos o resultados de su operaci\u00f3n productiva para apoyar la toma de decisiones seg\u00fan los protocolos vigentes para la industria<\/li>\n<li>Trabajar con auto-cuidado, higiene personal y orden seg\u00fan los protocolos de seguridad, calidad y protecci\u00f3n del medioambiente vigentes para la industria metal mec\u00e1nica en Chile<\/li>\n<\/ul>\n","protected":false},"excerpt":{"rendered":"<p><strong>Valor IVA incluido.<\/strong><\/p>\n","protected":false},"featured_media":3723,"comment_status":"closed","ping_status":"closed","template":"","meta":[],"product_brand":[],"product_cat":[89],"product_tag":[],"class_list":{"0":"post-3722","1":"product","2":"type-product","3":"status-publish","4":"has-post-thumbnail","6":"product_cat-acreditaciones","8":"first","9":"instock","10":"taxable","11":"shipping-taxable","12":"purchasable","13":"product-type-simple"},"_links":{"self":[{"href":"https:\/\/centroevaluacionjesydor.cl\/index.php\/wp-json\/wp\/v2\/product\/3722","targetHints":{"allow":["GET"]}}],"collection":[{"href":"https:\/\/centroevaluacionjesydor.cl\/index.php\/wp-json\/wp\/v2\/product"}],"about":[{"href":"https:\/\/centroevaluacionjesydor.cl\/index.php\/wp-json\/wp\/v2\/types\/product"}],"replies":[{"embeddable":true,"href":"https:\/\/centroevaluacionjesydor.cl\/index.php\/wp-json\/wp\/v2\/comments?post=3722"}],"wp:featuredmedia":[{"embeddable":true,"href":"https:\/\/centroevaluacionjesydor.cl\/index.php\/wp-json\/wp\/v2\/media\/3723"}],"wp:attachment":[{"href":"https:\/\/centroevaluacionjesydor.cl\/index.php\/wp-json\/wp\/v2\/media?parent=3722"}],"wp:term":[{"taxonomy":"product_brand","embeddable":true,"href":"https:\/\/centroevaluacionjesydor.cl\/index.php\/wp-json\/wp\/v2\/product_brand?post=3722"},{"taxonomy":"product_cat","embeddable":true,"href":"https:\/\/centroevaluacionjesydor.cl\/index.php\/wp-json\/wp\/v2\/product_cat?post=3722"},{"taxonomy":"product_tag","embeddable":true,"href":"https:\/\/centroevaluacionjesydor.cl\/index.php\/wp-json\/wp\/v2\/product_tag?post=3722"}],"curies":[{"name":"wp","href":"https:\/\/api.w.org\/{rel}","templated":true}]}}