{"id":4279,"date":"2025-02-06T23:08:18","date_gmt":"2025-02-06T23:08:18","guid":{"rendered":"https:\/\/centroevaluacionjesydor.cl\/?post_type=product&#038;p=4279"},"modified":"2025-02-06T23:21:21","modified_gmt":"2025-02-06T23:21:21","slug":"reciclador-de-base","status":"publish","type":"product","link":"https:\/\/centroevaluacionjesydor.cl\/index.php\/producto\/reciclador-de-base\/","title":{"rendered":"Reciclador de Base"},"content":{"rendered":"<p><strong>Prop\u00f3sito Principal de la Ocupaci\u00f3n:<\/strong><br \/>\nGestionar la recolecci\u00f3n artesanal de materiales reciclables inorg\u00e1nicos no peligrosos de diversas fuentes como domiciliarios, comerciales e industriales, de acuerdo a normativa vigente.<\/p>\n<p><strong>\u00c1mbito Ocupacional<\/strong><br \/>\nSe desempe\u00f1a como trabajador independiente, asociado o dependiente en organizaciones que cuenten con sistemas de gesti\u00f3n de residuos que requieran gestores en sus diversos niveles, tales como empresas generadoras de residuos de distintos sectores productivos, as\u00ed como tambi\u00e9n en programas municipales asociados.<\/p>\n","protected":false},"excerpt":{"rendered":"<p>Prop\u00f3sito Principal de la Ocupaci\u00f3n: Gestionar la recolecci\u00f3n artesanal de materiales reciclables inorg\u00e1nicos no peligrosos de diversas fuentes como domiciliarios, comerciales e industriales, de acuerdo a normativa vigente. \u00c1mbito Ocupacional Se desempe\u00f1a como trabajador independiente, asociado o dependiente en organizaciones que cuenten con sistemas de gesti\u00f3n de residuos que requieran gestores en sus diversos niveles, [&hellip;]<\/p>\n","protected":false},"featured_media":4283,"comment_status":"closed","ping_status":"closed","template":"","meta":[],"product_brand":[],"product_cat":[62],"product_tag":[],"class_list":{"0":"post-4279","1":"product","2":"type-product","3":"status-publish","4":"has-post-thumbnail","6":"product_cat-sin-catalogar","8":"first","9":"instock","10":"taxable","11":"shipping-taxable","12":"product-type-simple"},"_links":{"self":[{"href":"https:\/\/centroevaluacionjesydor.cl\/index.php\/wp-json\/wp\/v2\/product\/4279","targetHints":{"allow":["GET"]}}],"collection":[{"href":"https:\/\/centroevaluacionjesydor.cl\/index.php\/wp-json\/wp\/v2\/product"}],"about":[{"href":"https:\/\/centroevaluacionjesydor.cl\/index.php\/wp-json\/wp\/v2\/types\/product"}],"replies":[{"embeddable":true,"href":"https:\/\/centroevaluacionjesydor.cl\/index.php\/wp-json\/wp\/v2\/comments?post=4279"}],"wp:featuredmedia":[{"embeddable":true,"href":"https:\/\/centroevaluacionjesydor.cl\/index.php\/wp-json\/wp\/v2\/media\/4283"}],"wp:attachment":[{"href":"https:\/\/centroevaluacionjesydor.cl\/index.php\/wp-json\/wp\/v2\/media?parent=4279"}],"wp:term":[{"taxonomy":"product_brand","embeddable":true,"href":"https:\/\/centroevaluacionjesydor.cl\/index.php\/wp-json\/wp\/v2\/product_brand?post=4279"},{"taxonomy":"product_cat","embeddable":true,"href":"https:\/\/centroevaluacionjesydor.cl\/index.php\/wp-json\/wp\/v2\/product_cat?post=4279"},{"taxonomy":"product_tag","embeddable":true,"href":"https:\/\/centroevaluacionjesydor.cl\/index.php\/wp-json\/wp\/v2\/product_tag?post=4279"}],"curies":[{"name":"wp","href":"https:\/\/api.w.org\/{rel}","templated":true}]}}