{"id":4280,"date":"2025-02-06T23:08:46","date_gmt":"2025-02-06T23:08:46","guid":{"rendered":"https:\/\/centroevaluacionjesydor.cl\/?post_type=product&#038;p=4280"},"modified":"2025-02-06T23:24:13","modified_gmt":"2025-02-06T23:24:13","slug":"administrador-de-condominios","status":"publish","type":"product","link":"https:\/\/centroevaluacionjesydor.cl\/index.php\/producto\/administrador-de-condominios\/","title":{"rendered":"Administrador de Condominios"},"content":{"rendered":"<p><strong>Prop\u00f3sito Principal de la Ocupaci\u00f3n:<\/strong><br \/>\nGestionar Labores Vinculadas con la administraci\u00f3n de finanzas, mantenimientos, convivencia y seguridad de condominios, de acuerdo con est\u00e1ndares t\u00e9cnicos y normativa vigente.<\/p>\n<p><strong>\u00c1mbito Ocupacional:<\/strong><br \/>\nSe desarrolla en el \u00e1rea de servicios de administraci\u00f3n y apoyo a la comunidad, son personas naturales o jur\u00eddicas que cumplen con los requisitos exigidos en el art\u00edculo 84 de la ley No. 21.442, y las disposiciones del reglamento nacional de la ley No. 21.442, difundido por el ministerio de vivienda y urbanismo. Se desempe\u00f1a en organizaciones p\u00fablicas o privadas, peque\u00f1as, medianas o grandes, vinculadas a la gesti\u00f3n de labores de la administraci\u00f3n de condominios. El administrador (a) de condominios se desempe\u00f1a con autonom\u00eda en actividades y funciones especializadas en diversos contextos con supervisi\u00f3n del comit\u00e9 de administraci\u00f3n vinculado a la comunidad en donde se desempe\u00f1a. Trabaja colaborativamente en actividades y funciones coordin\u00e1ndose con otros(as) en diversos contextos. Toma decisiones en actividades propias y en aquellas que inciden en el quehacer de otros(as) en contextos conocidos.<\/p>\n","protected":false},"excerpt":{"rendered":"<p>Prop\u00f3sito Principal de la Ocupaci\u00f3n: Gestionar Labores Vinculadas con la administraci\u00f3n de finanzas, mantenimientos, convivencia y seguridad de condominios, de acuerdo con est\u00e1ndares t\u00e9cnicos y normativa vigente. \u00c1mbito Ocupacional: Se desarrolla en el \u00e1rea de servicios de administraci\u00f3n y apoyo a la comunidad, son personas naturales o jur\u00eddicas que cumplen con los requisitos exigidos en [&hellip;]<\/p>\n","protected":false},"featured_media":4284,"comment_status":"closed","ping_status":"closed","template":"","meta":[],"product_brand":[],"product_cat":[62],"product_tag":[],"class_list":{"0":"post-4280","1":"product","2":"type-product","3":"status-publish","4":"has-post-thumbnail","6":"product_cat-sin-catalogar","8":"first","9":"instock","10":"taxable","11":"shipping-taxable","12":"product-type-simple"},"_links":{"self":[{"href":"https:\/\/centroevaluacionjesydor.cl\/index.php\/wp-json\/wp\/v2\/product\/4280","targetHints":{"allow":["GET"]}}],"collection":[{"href":"https:\/\/centroevaluacionjesydor.cl\/index.php\/wp-json\/wp\/v2\/product"}],"about":[{"href":"https:\/\/centroevaluacionjesydor.cl\/index.php\/wp-json\/wp\/v2\/types\/product"}],"replies":[{"embeddable":true,"href":"https:\/\/centroevaluacionjesydor.cl\/index.php\/wp-json\/wp\/v2\/comments?post=4280"}],"wp:featuredmedia":[{"embeddable":true,"href":"https:\/\/centroevaluacionjesydor.cl\/index.php\/wp-json\/wp\/v2\/media\/4284"}],"wp:attachment":[{"href":"https:\/\/centroevaluacionjesydor.cl\/index.php\/wp-json\/wp\/v2\/media?parent=4280"}],"wp:term":[{"taxonomy":"product_brand","embeddable":true,"href":"https:\/\/centroevaluacionjesydor.cl\/index.php\/wp-json\/wp\/v2\/product_brand?post=4280"},{"taxonomy":"product_cat","embeddable":true,"href":"https:\/\/centroevaluacionjesydor.cl\/index.php\/wp-json\/wp\/v2\/product_cat?post=4280"},{"taxonomy":"product_tag","embeddable":true,"href":"https:\/\/centroevaluacionjesydor.cl\/index.php\/wp-json\/wp\/v2\/product_tag?post=4280"}],"curies":[{"name":"wp","href":"https:\/\/api.w.org\/{rel}","templated":true}]}}