{"id":4281,"date":"2025-02-06T23:09:42","date_gmt":"2025-02-06T23:09:42","guid":{"rendered":"https:\/\/centroevaluacionjesydor.cl\/?post_type=product&#038;p=4281"},"modified":"2025-02-06T23:11:19","modified_gmt":"2025-02-06T23:11:19","slug":"conductor-profesional-de-transporte-publico-metropolitano-de-pasajeros","status":"publish","type":"product","link":"https:\/\/centroevaluacionjesydor.cl\/index.php\/producto\/conductor-profesional-de-transporte-publico-metropolitano-de-pasajeros\/","title":{"rendered":"Conductor Profesional de Transporte P\u00fablico Metropolitano de Pasajeros"},"content":{"rendered":"<p><strong>Prop\u00f3sito Principal de la Ocupaci\u00f3n:<\/strong><br \/>\nTransportar pasajeros en buses del sistema de transporte p\u00fablico Metropolitano, ofreciendo un servicio centrado en las personas, seguro, eficiente y en armon\u00eda con el entorno, de acuerdo con la programaci\u00f3n operacional, protocolos y procedimientos establecidos bajo la normativa legal vigente.<\/p>\n<p><strong>\u00c1mbito Ocupacional:<\/strong><br \/>\nEl conductor profesional de transporte p\u00fablico metropolitano de pasajeros se desempe\u00f1a ejecutando el servicio en buses del sistema de transporta metropolitano urbano. Desarrolla labores calificadas como \u00abtrabajo pesado\u00bb, se desempe\u00f1a de manera individual en un bus de transporte de pasajeros. Trabaja bajo la supervisi\u00f3n de una jefatura directa, y es monitoreado peri\u00f3dicamente a trav\u00e9s de sistemas inform\u00e1ticos de control de la realizaci\u00f3n y la calidad del servicio brindado. Se trabaja respetando la normativa indicada en la ley del tr\u00e1nsito y la direcci\u00f3n de transporte p\u00fablico metropolitano. (DTPM).<\/p>\n","protected":false},"excerpt":{"rendered":"<p>Prop\u00f3sito Principal de la Ocupaci\u00f3n: Transportar pasajeros en buses del sistema de transporte p\u00fablico Metropolitano, ofreciendo un servicio centrado en las personas, seguro, eficiente y en armon\u00eda con el entorno, de acuerdo con la programaci\u00f3n operacional, protocolos y procedimientos establecidos bajo la normativa legal vigente. \u00c1mbito Ocupacional: El conductor profesional de transporte p\u00fablico metropolitano de [&hellip;]<\/p>\n","protected":false},"featured_media":4282,"comment_status":"closed","ping_status":"closed","template":"","meta":[],"product_brand":[],"product_cat":[62],"product_tag":[],"class_list":{"0":"post-4281","1":"product","2":"type-product","3":"status-publish","4":"has-post-thumbnail","6":"product_cat-sin-catalogar","8":"first","9":"instock","10":"taxable","11":"shipping-taxable","12":"product-type-simple"},"_links":{"self":[{"href":"https:\/\/centroevaluacionjesydor.cl\/index.php\/wp-json\/wp\/v2\/product\/4281","targetHints":{"allow":["GET"]}}],"collection":[{"href":"https:\/\/centroevaluacionjesydor.cl\/index.php\/wp-json\/wp\/v2\/product"}],"about":[{"href":"https:\/\/centroevaluacionjesydor.cl\/index.php\/wp-json\/wp\/v2\/types\/product"}],"replies":[{"embeddable":true,"href":"https:\/\/centroevaluacionjesydor.cl\/index.php\/wp-json\/wp\/v2\/comments?post=4281"}],"wp:featuredmedia":[{"embeddable":true,"href":"https:\/\/centroevaluacionjesydor.cl\/index.php\/wp-json\/wp\/v2\/media\/4282"}],"wp:attachment":[{"href":"https:\/\/centroevaluacionjesydor.cl\/index.php\/wp-json\/wp\/v2\/media?parent=4281"}],"wp:term":[{"taxonomy":"product_brand","embeddable":true,"href":"https:\/\/centroevaluacionjesydor.cl\/index.php\/wp-json\/wp\/v2\/product_brand?post=4281"},{"taxonomy":"product_cat","embeddable":true,"href":"https:\/\/centroevaluacionjesydor.cl\/index.php\/wp-json\/wp\/v2\/product_cat?post=4281"},{"taxonomy":"product_tag","embeddable":true,"href":"https:\/\/centroevaluacionjesydor.cl\/index.php\/wp-json\/wp\/v2\/product_tag?post=4281"}],"curies":[{"name":"wp","href":"https:\/\/api.w.org\/{rel}","templated":true}]}}